{"id":165,"date":"2023-12-02T12:04:40","date_gmt":"2023-12-02T12:04:40","guid":{"rendered":"http:\/\/ascendingflame.com\/?page_id=165"},"modified":"2023-12-02T12:04:40","modified_gmt":"2023-12-02T12:04:40","slug":"polish","status":"publish","type":"page","link":"http:\/\/ascendingflame.com\/index.php\/polish\/","title":{"rendered":"Polish"},"content":{"rendered":"\n<h2 class=\"wp-block-heading has-text-align-center\">Informacje<\/h2>\n\n\n\n<p class=\"has-text-align-center\">Temple of Ascending Flame (\u015awi\u0105tynia Powstaj\u0105cego P\u0142omienia) zosta\u0142a za\u0142o\u017cona w dniu 21.12.2012 jako brama do Nurtu Drako\u0144skiego. Inspiracj\u0105 do za\u0142o\u017cenia \u015bwi\u0105tyni by\u0142a filozofia lucyferia\u0144ska, Tradycja Drako\u0144ska, a tak\u017ce szeroko rozumiana \u015acie\u017cka Lewej R\u0119ki. Nie jeste\u015bmy \u201eorganizacj\u0105,\u201d ani \u017cadn\u0105 inn\u0105 formaln\u0105 struktur\u0105. Nie pobieramy sk\u0142adek cz\u0142onkowskich ani innych op\u0142at za uczestnictwo w naszych projektach. Nie mamy te\u017c \u201estopni wtajemniczenia\u201d ani \u017cadnej hierarchii. Zamiast tego, zapewniamy platform\u0119 do wymiany do\u015bwiadcze\u0144 wszystkim, kt\u00f3rzy interesuj\u0105 si\u0119 Tradycj\u0105 Drako\u0144sk\u0105 i jej praktycznym zastosowaniem. Nasze projekty otwarte dost\u0119pne s\u0105 dla ka\u017cdego, a wewn\u0119trzne \u2013 dla tych, kt\u00f3rzy s\u0105 w stanie po\u0142\u0105czy\u0107 si\u0119 z \u201eNurtem Smoka\u201d i skutecznie stosowa\u0107 jego energi\u0119 w celu samorozwoju.<\/p>\n\n\n\n<p class=\"has-text-align-center\">Praca \u015awi\u0105tyni skupia si\u0119 na trzech archetypach, jakimi s\u0105 Lilith, Lucyfer i Lewiatan. Lucyfer jest symbolem i patronem ery \u201eprzebudzenia\u201d i to on stanowi zar\u00f3wno bram\u0119 jak i przewodnika na \u015bcie\u017cce samorozwoju, o\u015bwiecenia, duchowej wolno\u015bci i wyzwolenia od stagnacji i ignorancji. Jest on Nios\u0105cym \u015awiat\u0142o oraz jednym z najwa\u017cniejszych archetyp\u00f3w \u015acie\u017cki Lewej R\u0119ki. Jest tak\u017ce inicjatorem Powstaj\u0105cego P\u0142omienia, symbolizuj\u0105cego ludzkie pragnienie transcendencji, b\u0119d\u0105ce si\u0142\u0105 motywuj\u0105c\u0105 adepta na \u015bcie\u017cce \u201eprzeb\u00f3stwienia.\u201d Reprezentuje on wiedz\u0119 o ukrytym potencjale cz\u0142owieka, kt\u00f3ra na przestrzeni wiek\u00f3w zosta\u0142a zagubiona, zapomniana, a obecnie znana jest nam w zniekszta\u0142conej formie, przedstawiaj\u0105cej Lucyfera jako Diab\u0142a i zasad\u0119 \u201ez\u0142a.\u201d Wszystko jednak zale\u017cy od punktu widzenia i archetyp, kt\u00f3ry dla jednych jest wcieleniem \u201ediab\u0142a,\u201d dla innych jest zbawicielem i duchowym przewodnikiem. Widzimy to np. w filozofii wczesnych ruch\u00f3w gnostyckich, takich jak Ofici czy Kainici, dla kt\u00f3rych w\u0105\u017c w Ogrodzie Eden by\u0142 wybawicielem z niewoli narzuconej przez z\u0142ego demiurga. Lucyfer w naszej filozofii nie jest diab\u0142em z rogami, wodz\u0105cym cz\u0142owieka ma pokuszenie. Jest to archetyp o\u015bwiecenia i osobistej wolno\u015bci \u2013 od narzuconych wzorc\u00f3w my\u015blenia, indoktrynacji, prania m\u00f3zgu, oraz indywidualnych barier, kt\u00f3re sami sobie narzucamy. Tron Lucyfera znajduje si\u0119 w sferze Thaumiel, ostatnim z klifotycznych \u015bwiat\u00f3w przed odrodzeniem w \u201e\u0141onie Smoka.\u201d Dlatego te\u017c jest on bram\u0105 i symbolem przeb\u00f3stwionej \u015bwiadomo\u015bci. Stanowi solarn\u0105 energi\u0119, jaka nap\u0119dza ewolucj\u0119 umys\u0142u cz\u0142owieka od narodzin ludzko\u015bci. Jest si\u0142\u0105, ogniem i dynamik\u0105. Jego \u017ce\u0144skim odpowiednikiem w filozofii \u015bwi\u0105tyni jest Lilith \u2013 pasja, pragnienie i pokusa. Uwodzi ona adepta, prowadz\u0105c go ze \u015bwiat\u0142a w mrok, na ciemn\u0105 stron\u0119 Drzewa \u017bycia, budz\u0105c g\u0142\u00f3d wiedzy i mocy, kt\u00f3ry jedynie ro\u015bnie wraz z ka\u017cdym krokiem na \u015bcie\u017cce. Ten g\u0142\u00f3d jest iskr\u0105 bosko\u015bci, kt\u00f3ra istnieje w ka\u017cdym ludzkim umy\u015ble i kt\u00f3ra z czasem staje si\u0119 Powstaj\u0105cym P\u0142omieniem Lucyfera. Oboje razem stanowi\u0105 archetyp Adwersarza \u2013 Diab\u0142a i Zbawiciela.<\/p>\n\n\n\n<p class=\"has-text-align-center\">Symbolem \u201eSmoka\u201d w \u015bwi\u0105tyni jest Lewiatan, staro\u017cytny w\u0105\u017c, kt\u00f3ry w swych splotach podtrzymuje ca\u0142y wszech\u015bwiat. To, co istnieje poza nim, to \u201e\u0141ono Smoka,\u201d pierwotny ocean nieukszta\u0142towanej energii, z kt\u00f3rego wy\u0142ania si\u0119 wszelkie stworzenie. Jest to energia nienazwana i niezdefiniowana, poniewa\u017c nie posiada \u017cadnej formy, lub posiada je wszystkie, w zale\u017cno\u015bci od tradycji magicznej czy systemu inicjacji. Smok istnieje poza Kosmicznym Drzewem, kt\u00f3re jest osi\u0105 \u015bwiata i filarem wszelkiej inicjacji. Samo Drzewo, zar\u00f3wno w swym jasnym jak i ciemnym aspekcie, jest manifestacj\u0105 ludzkiej \u015bwiadomo\u015bci, projekcj\u0105 umys\u0142u wed\u0142ug zasady \u201ejako w g\u00f3rze, tak i na dole:\u201d wszystko co istnieje wewn\u0105trz istnieje te\u017c na zewn\u0105trz. Wed\u0142ug tej samej zasady, cz\u0142owiek posiada wi\u0119c potencja\u0142 przeb\u00f3stwienia, a droga inicjacji jest procesem stopniowego u\u015bwiadamiania sobie tego potencja\u0142u i przyswajania tego, co ze sob\u0105 niesie. Widziane jako \u201eemanacja bosko\u015bci,\u201d Drzewo stanowi projekcj\u0119 ludzkiego rozumienia przeb\u00f3stwionej \u015bwiadomo\u015bci. Zwie\u0144czeniem \u015bcie\u017cki jest uko\u0144czenie procesu przeb\u00f3stwienia. Drzewo jest tak\u017ce manifestacj\u0105 Smoka, gdy\u017c \u201eSmocza Energia\u201d przenika ca\u0142e stworzenie. Lecz Smok jest te\u017c czym\u015b wi\u0119cej ni\u017c Drzewo samo w sobie. Aby wi\u0119c si\u0119gn\u0105\u0107 do samego \u017ar\u00f3d\u0142a tej energii, musimy wyj\u015b\u0107 poza Drzewo, odrodzi\u0107 si\u0119 w \u201e\u0141onie Smoka.\u201d Jest to \u015bcie\u017cka klifotycznej inicjacji, kt\u00f3ra jest jednym z istotnych element\u00f3w filozofii \u015bwi\u0105tyni.<\/p>\n\n\n\n<p class=\"has-text-align-center\">Innymi archetypami, z kt\u00f3rymi pracujemy s\u0105:<\/p>\n\n\n\n<p class=\"has-text-align-center\">Hekate &#8211; Bogini czarostwa i przewodniczka na drodze w mroki pod\u015bwiadomo\u015bci<br>Arachne &#8211; Paj\u0119cza Bogini, kt\u00f3ra w\u0142ada \u015bcie\u017ckami i labiryntami po ciemnej stronie Drzewa \u017bycia<br>Belial &#8211; Po\u015brednik pomi\u0119dzy mieszka\u0144cami \u201eDrugiej Strony\u201d i adeptem \u015bcie\u017cki<br>Set &#8211; Archetyp Adwersarza, b\u00f3g burz i zmian, zasada dynamicznej transformacji<\/p>\n\n\n\n<p class=\"has-text-align-center\">***<\/p>\n\n\n\n<h2 class=\"wp-block-heading has-text-align-center\">Cz\u0142onkostwo<\/h2>\n\n\n\n<p class=\"has-text-align-center\">Aby do nas do\u0142\u0105czy\u0107, musisz do nas napisa\u0107 (po angielsku!) i poprosi\u0107 o materia\u0142y projektu \u201eAscending Flame.\u201d Projekt obejmuje 7 praktyk, kt\u00f3re musisz wykona\u0107 samodzielnie przez 7 dni z rz\u0119du. Czas wykonania jest dowolny &#8211; mo\u017ce to by\u0107 dzie\u0144 lub noc. Ka\u017cda praktyka ma na celu poszerzenie Twojej \u015bwiadomo\u015bci i przygotowanie Ci\u0119 na komuni\u0119 z Lucyferem, kt\u00f3ry jest patronem Powstaj\u0105cego P\u0142omienia (si\u0142y motywuj\u0105cej na \u015bcie\u017cce). Wszystkie zaprojektowane s\u0105 w podobny spos\u00f3b, z wyj\u0105tkiem ostatniej, kt\u00f3r\u0105 musisz zaprojektowa\u0107 sam\/a.<\/p>\n\n\n\n<p class=\"has-text-align-center\">Ka\u017cdy dzie\u0144 obejmuje nast\u0119puj\u0105cy zestaw praktyk:<\/p>\n\n\n\n<ul class=\"wp-block-list\">\n<li>Koncentracja na sygilu Klucza<\/li>\n\n\n\n<li>Inwokacja Powstaj\u0105cego P\u0142omienia (recytowana inkantacja)<\/li>\n\n\n\n<li>Medytacja (zestaw wizualizacji, z kt\u00f3rych ka\u017cda poszerza poprzedni\u0105)<\/li>\n<\/ul>\n\n\n\n<p class=\"has-text-align-center\">Po ka\u017cdej praktyce, spisz swoje do\u015bwiadczenia: wizje, zaobserwowane zjawiska, osobiste przemy\u015blenia, itd. Kiedy uko\u0144czysz projekt, przygotuj na ich podstawie raport (kilka zda\u0144 na temat ka\u017cdego dnia) i prze\u015blij go nam. Dodaj kilka s\u0142\u00f3w o sobie, wyja\u015bniaj\u0105c dlaczego chcesz do\u0142\u0105czy\u0107 do \u015bwi\u0105tyni, oraz uwzgl\u0119dnij osobist\u0105 inwokacj\u0119, kt\u00f3r\u0105 musisz napisa\u0107 w dniu 7. Raport musi by\u0107 po angielsku, ale je\u015bli masz problem z j\u0119zykiem, mo\u017cesz u\u017cy\u0107 elektronicznego t\u0142umacza &#8211; nie musi to by\u0107 perfekcyjne t\u0142umaczenie.<\/p>\n\n\n\n<p class=\"has-text-align-center\">Projekt nie musi by\u0107 wykonany natychmiast. Mo\u017cesz go zacz\u0105\u0107 od razu albo zostawi\u0107 sobie na potem. Kiedy ju\u017c prze\u015blesz raport, otrzymasz od nas odpowied\u017a w ci\u0105gu 14 dni. Je\u015bli nie przyjdzie \u017cadne potwierdzenie, \u017ce otrzymali\u015bmy Tw\u00f3j mail, wy\u015blij go ponownie.<\/p>\n\n\n\n<p class=\"has-text-align-center\">***<\/p>\n\n\n\n<h2 class=\"wp-block-heading has-text-align-center\">Materia\u0142y<\/h2>\n\n\n\n<p class=\"has-text-align-center\">Materia\u0142y zamieszczone poni\u017cej pochodz\u0105 z publikacji, jakie ukaza\u0142y si\u0119 do tej pory po polsku: \u201e\u015acie\u017cka Lewej R\u0119ki\u201d oraz \u201eRyty Lucyfera.\u201d Obie ksi\u0105\u017cki mo\u017cna zakupi\u0107 przez <a href=\"https:\/\/www.lulu.com\/\" target=\"_blank\" rel=\"noreferrer noopener\">Lulu.com<\/a><\/p>\n\n\n\n<p class=\"has-text-align-center\"><a href=\"http:\/\/ascendingflame.com\/wp-content\/uploads\/2023\/12\/Sciezka-Smoka.pdf\" target=\"_blank\" rel=\"noreferrer noopener\">\u015acie\u017cka Smoka<\/a><\/p>\n\n\n\n<p class=\"has-text-align-center\"><a href=\"http:\/\/ascendingflame.com\/wp-content\/uploads\/2023\/12\/Gnoza-lucyferyczna.pdf\" target=\"_blank\" rel=\"noreferrer noopener\">Gnoza lucyferyczna<\/a><\/p>\n\n\n\n<p class=\"has-text-align-center\">***<\/p>\n\n\n\n<p class=\"has-text-align-center\"><\/p>\n\n\n\n<figure class=\"wp-block-image aligncenter size-full\"><img loading=\"lazy\" decoding=\"async\" width=\"290\" height=\"433\" src=\"http:\/\/ascendingflame.com\/wp-content\/uploads\/2023\/12\/rytylucyfera1.jpg\" alt=\"\" class=\"wp-image-167\" srcset=\"http:\/\/ascendingflame.com\/wp-content\/uploads\/2023\/12\/rytylucyfera1.jpg 290w, http:\/\/ascendingflame.com\/wp-content\/uploads\/2023\/12\/rytylucyfera1-201x300.jpg 201w\" sizes=\"auto, (max-width: 290px) 100vw, 290px\" \/><\/figure>\n\n\n\n<p class=\"has-text-align-center\">Lucyfer jest archetypem adwersarza, inicjatorem i przewodnikiem na \u015bcie\u017cce \u201eprzeb\u00f3stwienia,\u201d jak\u0105 jest \u015acie\u017cka Lewej R\u0119ki. Jest on upad\u0142ym anio\u0142em z legend chrze\u015bcija\u0144skich, diab\u0142em z sabat\u00f3w czarownic, jednym z pierwszych samo-stworzonych bog\u00f3w, w\u0142adc\u0105 powietrza, oraz cesarzem piekielnego kr\u00f3lestwa z tradycji grymuarycznej. Celem tej antologii jest zbadanie jego roli w inicjacji na \u015acie\u017cce Drako\u0144skiej poprzez prac\u0119 z wybranymi maskami i manifestacjami, jakie przybiera\u0142 on na przestrzeni wiek\u00f3w, obdarzaj\u0105c niekt\u00f3rych swoimi b\u0142ogos\u0142awie\u0144stwami, a innych karz\u0105c za ignorancj\u0119. Rytua\u0142y i praktyki zawarte tutaj skupiaj\u0105 si\u0119 zar\u00f3wno na jego jasnych aspektach, jak i ciemnych \u2013 obliczu Nios\u0105cego \u015awiat\u0142o oraz rogatej masce Diab\u0142a.<\/p>\n\n\n\n<p class=\"has-text-align-center\">SPIS TRE\u015aCI:<\/p>\n\n\n\n<p class=\"has-text-align-center\"><strong>Wst\u0119p<\/strong><br><strong>Metody pracy<\/strong><br><strong>\u015awiat\u0142o i ciemno\u015b\u0107 w gnozie lucyferycznej<\/strong> &#8211; Asenath Mason<br><strong>Rytua\u0142 Nios\u0105cego \u015awiat\u0142o &#8211; <\/strong>Temple of Ascending Flame<br><strong>Inwokacja Inicjatora \u015acie\u017cki Lewej R\u0119ki &#8211; <\/strong>Temple of Ascending Flame<br><strong>Umys\u0142 Lucyfera <\/strong>&#8211; Bill Duvendack<br><strong>Oczyszczaj\u0105cy ogie\u0144 (Nasiona gnozy lucyferycznej)<\/strong> &#8211; Edgar Kerval<br><strong>W\u0142adca powietrza<\/strong> &#8211; Temple of Ascending Flame<br><strong>Lucyfer-Trikster <\/strong>&#8211; Daemon Barzai<br><strong>Mroczny kompan<\/strong> &#8211; Temple of Ascending Flame<br><strong>Holograficzny Lucyferianizm<\/strong> &#8211; Bill Duvendack<br><strong>Lucyfer jako adwersarz<\/strong> &#8211; Asenath Mason<br><strong>Inwokacja adwersarza<\/strong> &#8211; Temple of Ascending Flame<br><strong>Wolno\u015b\u0107 poprzez \u015bmier\u0107<\/strong> &#8211; Cristian Velasco<br><strong>W\u0142adca \u015bwiat\u0142a i cieni<\/strong> &#8211; Pairika Ewa Borowska<br><strong>B\u00f3g czarostwa <\/strong>&#8211; Temple of Ascending Flame<br><strong>Piekielny cesarz tradycji grymuarycznej<\/strong> &#8211; Temple of Ascending Flame<br><strong>Rytua\u0142 masek Lucyfera<\/strong> &#8211; Bill Duvendack<\/p>\n\n\n\n<p class=\"has-text-align-center\">Ok\u0142adka mi\u0119kka, 130 stron<\/p>\n\n\n\n<p class=\"has-text-align-center\"><a href=\"https:\/\/www.lulu.com\/shop\/asenath-mason\/ryty-lucyfera\/paperback\/product-rqd57n.html\" data-type=\"link\" data-id=\"https:\/\/www.lulu.com\/shop\/asenath-mason\/ryty-lucyfera\/paperback\/product-rqd57n.html\" target=\"_blank\" rel=\"noreferrer noopener\">ZAM\u00d3W<\/a><\/p>\n\n\n\n<p class=\"has-text-align-center\">***<\/p>\n\n\n\n<h2 class=\"wp-block-heading has-text-align-center\">\u015acie\u017cka LEwej R\u0119ki<\/h2>\n\n\n\n<figure class=\"wp-block-image aligncenter size-full\"><img loading=\"lazy\" decoding=\"async\" width=\"290\" height=\"438\" src=\"http:\/\/ascendingflame.com\/wp-content\/uploads\/2023\/12\/lhppl2.jpg\" alt=\"\" class=\"wp-image-168\" srcset=\"http:\/\/ascendingflame.com\/wp-content\/uploads\/2023\/12\/lhppl2.jpg 290w, http:\/\/ascendingflame.com\/wp-content\/uploads\/2023\/12\/lhppl2-199x300.jpg 199w\" sizes=\"auto, (max-width: 290px) 100vw, 290px\" \/><\/figure>\n\n\n\n<p class=\"has-text-align-center\">Ksi\u0105\u017cka ta zawiera eseje i rytua\u0142y na r\u00f3\u017cne tematy ezoteryczne, nawi\u0105zuj\u0105c przed wszystkim do ich zwi\u0105zku z Tradycj\u0105 Drako\u0144sk\u0105 i szeroko rozumian\u0105 \u015acie\u017ck\u0105 Lewej R\u0119ki. Cz\u0119\u015b\u0107 z nich jest nowa, napisana zaledwie w ostatnich kilku latach, podczas gdy wi\u0119kszo\u015b\u0107 to materia\u0142y, kt\u00f3re uprzednio zosta\u0142y wydane w takich publikacjach jak magazyn \u201eSmocza Krew,\u201d czy Aspekty \u015acie\u017cki Lewej R\u0119ki. Tematy zawarte w tej ksi\u0105\u017cce dotycz\u0105 podstawowych zagadnie\u0144 z zakresu \u015acie\u017cki Lewej R\u0119ki, takich jak bogowie i archetypy pomagaj\u0105ce adeptowi w procesie inicjacyjnym, rytua\u0142y i medytacje stosowane do nawi\u0105zania kontaktu z r\u00f3\u017cnymi bytami i rozwoju indywidualnych zdolno\u015bci, oraz wprowadzenie do wybranych system\u00f3w magicznych, takich jak np. magia goecka. Znajdziemy tutaj eseje na temat Lucyfera, Lilith, Lewiatana, Seta, Hekate i wielu innych. Zapoznamy si\u0119 tak\u017ce z podstawami \u015acie\u017cki Drako\u0144skiej i poj\u0119ciami takimi jak przeb\u00f3stwienie, antynomianizm, lucyferianizm, czy tradycja grymuaryczna. Wreszcie, osoby zainteresowane Drzewem Klifot znajd\u0105 tu opis poszczeg\u00f3lnych poziom\u00f3w klifotycznej inicjacji, a tak\u017ce przewodnik po Tunelach Seta. Jest to publikacja przeznaczona g\u0142\u00f3wnie dla os\u00f3b rozpoczynaj\u0105cych swoj\u0105 duchow\u0105 przygod\u0119 na \u015acie\u017cce Lewej R\u0119ki, ale s\u0105 tu r\u00f3wnie\u017c teksty, kt\u00f3re powinny zainteresowa\u0107 tak\u017ce bardziej zaawansowanych adept\u00f3w.<\/p>\n\n\n\n<p class=\"has-text-align-center\">SPIS TRE\u015aCI:<\/p>\n\n\n\n<p class=\"has-text-align-center\">Przedmowa<br>Wprowadzenie do filozofii \u015acie\u017cki Lewej R\u0119ki<br>\u015acie\u017cka Smoka<br>Tajemne skarby ciemno\u015bci<br>Drzewo Nocy<br>Tunele Seta<br>Lilith: pani ciemnej strony ludzkiej natury<br>Rytua\u0142 Lilith<br>W\u0105\u017c \u2013 pradawny stra\u017cnik wiedzy<br>Wielki B\u00f3g Pan<br>Set: egipski w\u0142adca ciemno\u015bci<br>Inwokacja Seta<br>Rytua\u0142 przyzwania Seta<br>Apep \u2013 w\u0119\u017cowy demon chaosu<br>Rytua\u0142 Apofisa<br>Lewiatan \u2013 \u201ekr\u00f3l wszelkich stworze\u0144\u201d<br>Inwokacja Lewiatana<br>Inwokacja Tiamat<br>Alchemiczne odrodzenie w wodach Tiamat<br>Azrael i zasada \u015bmierci \u2013 wprowadzenie do tematu nekromancji<br>Inwokacja Azraela<br>Nekromancki rytua\u0142 przywo\u0142ania cieni<br>Czarna krew, Saturn i nekromancja<br>Ciemna strona ksi\u0119\u017cyca<br>Wizja sfery Gamaliel \u2013 medytacja<br>Boskie szale\u0144stwo<br>\u015acie\u017cka Kaina<br>Hekate: bogini mroku, magii i ksi\u0119\u017cyca<br>Demoniczni kochankowie<br>Kilka uwag odno\u015bnie inicjacji<br>Wprowadzenie do magii goeckiej<br>Rola Lilith we wsp\u00f3\u0142czesnej magii inicjacyjnej<br>Inwokacja Lilith<br>Gnoza lucyferyczna<br>Przyzwanie Lucyfera<br>Medytacja Kali<br>Techniki inwokacji<br>Wizja Nocy<br>Melek Taus<br>Oblicza Lucyfera w tradycji grymuarycznej i wsp\u00f3\u0142cze\u015bnie<\/p>\n\n\n\n<p class=\"has-text-align-center\"><a href=\"https:\/\/www.lulu.com\/shop\/asenath-mason\/%C5%9Bcie%C5%BCka-lewej-r%C4%99ki\/paperback\/product-wq6q62.html\" target=\"_blank\" rel=\"noreferrer noopener\">ZAM\u00d3W<\/a><\/p>\n","protected":false},"excerpt":{"rendered":"<p>Informacje Temple of Ascending Flame (\u015awi\u0105tynia Powstaj\u0105cego P\u0142omienia) zosta\u0142a za\u0142o\u017cona w dniu 21.12.2012 jako brama do Nurtu Drako\u0144skiego. Inspiracj\u0105 do za\u0142o\u017cenia \u015bwi\u0105tyni by\u0142a filozofia lucyferia\u0144ska, Tradycja Drako\u0144ska, a tak\u017ce szeroko rozumiana \u015acie\u017cka Lewej R\u0119ki. Nie jeste\u015bmy \u201eorganizacj\u0105,\u201d ani \u017cadn\u0105 inn\u0105 formaln\u0105 struktur\u0105. Nie pobieramy sk\u0142adek cz\u0142onkowskich ani innych op\u0142at za uczestnictwo w naszych projektach. Nie [&hellip;]<\/p>\n","protected":false},"author":1,"featured_media":0,"parent":0,"menu_order":0,"comment_status":"closed","ping_status":"closed","template":"","meta":{"footnotes":""},"class_list":["post-165","page","type-page","status-publish","hentry"],"_links":{"self":[{"href":"http:\/\/ascendingflame.com\/index.php\/wp-json\/wp\/v2\/pages\/165","targetHints":{"allow":["GET"]}}],"collection":[{"href":"http:\/\/ascendingflame.com\/index.php\/wp-json\/wp\/v2\/pages"}],"about":[{"href":"http:\/\/ascendingflame.com\/index.php\/wp-json\/wp\/v2\/types\/page"}],"author":[{"embeddable":true,"href":"http:\/\/ascendingflame.com\/index.php\/wp-json\/wp\/v2\/users\/1"}],"replies":[{"embeddable":true,"href":"http:\/\/ascendingflame.com\/index.php\/wp-json\/wp\/v2\/comments?post=165"}],"version-history":[{"count":5,"href":"http:\/\/ascendingflame.com\/index.php\/wp-json\/wp\/v2\/pages\/165\/revisions"}],"predecessor-version":[{"id":174,"href":"http:\/\/ascendingflame.com\/index.php\/wp-json\/wp\/v2\/pages\/165\/revisions\/174"}],"wp:attachment":[{"href":"http:\/\/ascendingflame.com\/index.php\/wp-json\/wp\/v2\/media?parent=165"}],"curies":[{"name":"wp","href":"https:\/\/api.w.org\/{rel}","templated":true}]}}