{"id":178,"date":"2023-12-05T13:19:57","date_gmt":"2023-12-05T13:19:57","guid":{"rendered":"http:\/\/ascendingflame.com\/?page_id=178"},"modified":"2023-12-06T06:45:43","modified_gmt":"2023-12-06T06:45:43","slug":"spanish","status":"publish","type":"page","link":"http:\/\/ascendingflame.com\/index.php\/spanish\/","title":{"rendered":"Spanish"},"content":{"rendered":"\n<p class=\"has-text-align-center\">El Templo de la Llama Ascendente fue fundado el 21 de diciembre de 2012 como puerta de entrada a la Corriente Draconiana y plataforma para individuos de todo el mundo que quieran compartir ciertos aspectos de su trabajo con otros adeptos del camino y para aquellos que simplemente necesitan orientaci\u00f3n en la magia draconiana de autoiniciaci\u00f3n. Es tanto para los reci\u00e9n llegados que dan sus primeros pasos en el Sendero del Drag\u00f3n como para los practicantes experimentados que desean progresar en el Sendero de la Mano Izquierda. No somos una &#8222;orden m\u00e1gica&#8221;. No cobramos cuotas de afiliaci\u00f3n y nuestro trabajo no se basa en jerarqu\u00edas. No hay restricciones para participar en nuestros proyectos abiertos, y en nuestro trabajo interior damos la bienvenida a todos los que son capaces de recibir y canalizar la Gnosis del Drag\u00f3n.<\/p>\n\n\n\n<p class=\"has-text-align-center\">La labor del templo se centra en la corriente de la Trinidad Draconiana: Lucifer, Lilith y Leviat\u00e1n. Estos tres arquetipos son las principales deidades patronas del templo. El Trono de Lucifer existe en Thaumiel, el \u00faltimo reino antes de entrar en el Vac\u00edo. Por lo tanto, es la Puerta y el S\u00edmbolo del Esp\u00edritu Deificado, el Dios patrono del Sendero. \u00c9l es la fuerza solar, iluminadora, que ha estado alimentando la evoluci\u00f3n de la conciencia humana desde el nacimiento de la humanidad. Es la Fuerza, el Fuego y la Furia. \u00c9l da poder y eleva el esp\u00edritu a trav\u00e9s de su ardiente Pilar de Ascenso. Su contraparte femenina en la magia inici\u00e1tica draconiana es Lilith. Ella es Pasi\u00f3n, Deseo y Seducci\u00f3n. Ella seduce a las almas y las atrae desde la Luz hacia el Lado Nocturno, el lado adverso del \u00c1rbol, despierta la Lujuria y el Hambre de conocimiento y poder que s\u00f3lo crece con cada paso en el Sendero, y enciende la chispa de la Divinidad que progresivamente se convierte en la Llama Ascendente de Lucifer. Es el Fuego de la Transformaci\u00f3n, la esencia misma de la Divinidad. Ambos constituyen el Arquetipo del Adversario: El Diablo y el Salvador.<\/p>\n\n\n\n<p class=\"has-text-align-center\">El Drag\u00f3n del Vac\u00edo es Leviat\u00e1n, la Serpiente Primigenia enroscada alrededor del universo, sosteni\u00e9ndolo en un abrazo eterno. El propio Vac\u00edo es la matriz del Drag\u00f3n, que vomita mundos y los devora en un ciclo interminable de muerte y renacimiento. Es la fuerza primordial que existe fuera de las estructuras de la Creaci\u00f3n, sin nombre e indefinida, pues no tiene forma y todas las formas al mismo tiempo. El Drag\u00f3n existe fuera del \u00c1rbol C\u00f3smico, que es el Pilar de la Ascensi\u00f3n Espiritual. El \u00c1rbol, tanto en su aspecto luminoso como en la negatividad del Lado Nocturno, es una manifestaci\u00f3n de la conciencia humana, proyecci\u00f3n de la mente consciente e interior, seg\u00fan el antiguo principio &#8222;Como es arriba es abajo&#8221;: Todo lo que existe dentro tambi\u00e9n existe fuera. El hombre es Dios en potencia, manifestaci\u00f3n del Drag\u00f3n, parte de esta fuerza eterna y atemporal que impregna toda la Creaci\u00f3n y se expande m\u00e1s all\u00e1, hacia el Infinito. El prop\u00f3sito del viaje inici\u00e1tico a trav\u00e9s del Pilar de Ascensi\u00f3n es realizar y comprender este potencial y, en consecuencia, transformarlo en Divinidad. Considerado como la &#8222;emanaci\u00f3n de la Divinidad&#8221;, el \u00c1rbol constituye la percepci\u00f3n humana de la conciencia divinizada. La culminaci\u00f3n del Camino es la coronaci\u00f3n del proceso de Autodeificaci\u00f3n. El \u00c1rbol es tambi\u00e9n una manifestaci\u00f3n del Drag\u00f3n, ya que la fuerza drac\u00f3nica es la fuente de toda la Creaci\u00f3n. Pero el Drag\u00f3n es m\u00e1s que el \u00c1rbol en s\u00ed mismo. Y para llegar a la fuente misma de este poder primordial, el Iniciado tiene que dar un paso m\u00e1s all\u00e1 del \u00c1rbol, hacia el Vac\u00edo, al Vientre del Drag\u00f3n. Mientras trabajamos con senderos y zonas particulares del \u00c1rbol C\u00f3smico, a veces vislumbramos esta fuerza intemporal, y podemos encontrar puertas hacia el Vientre del Drag\u00f3n en el Abismo Cabal\u00edstico, pero la Puerta real al Vac\u00edo existe en el reino de Thaumiel, dentro del Trono de Lucifer, donde el Hombre se convierte en Dios completando el Ascenso a trav\u00e9s del Eje del Mundo. El \u00faltimo paso de la humanidad a la Divinidad es el paso m\u00e1s all\u00e1 del \u00c1rbol, en la liberaci\u00f3n final de la ilusi\u00f3n del mundo manifestado.<\/p>\n\n\n\n<p class=\"has-text-align-center\"><strong>Por lo tanto, los fundamentos de la magia draconiana dentro del Templo se centran en estos tres poderosos arquetipos: Lucifer &#8211; el Se\u00f1or de las Llamas, Fuerza de Evoluci\u00f3n y Ascenso; Lilith &#8211; el Fuego Draconiano de Transformaci\u00f3n, Principio de Pasi\u00f3n y Deseo; y Leviat\u00e1n &#8211; el Drag\u00f3n del Vac\u00edo, Fuente Primordial de toda Manifestaci\u00f3n.<\/strong><\/p>\n\n\n\n<p class=\"has-text-align-center\">Otros arquetipos utilizados dentro del Templo<strong>:<\/strong><\/p>\n\n\n\n<p class=\"has-text-align-center\"><strong>H\u00e9cate<\/strong>: La maestra de brujer\u00eda y la gu\u00eda hacia el &#8222;inframundo&#8221; personal, las profundidades de la psique.<\/p>\n\n\n\n<p class=\"has-text-align-center\"><strong>Aracne: <\/strong>La Diosa Ara\u00f1a de la Atl\u00e1ntida y la reina de los laberintos Qliph\u00f3ticos bajo el \u00c1rbol C\u00f3smico.<\/p>\n\n\n\n<p class=\"has-text-align-center\"><strong>Belial: <\/strong>El intermediario entre los esp\u00edritus del Lado Nocturno y el mago, la puerta de acceso al poder de la Goetia.<\/p>\n\n\n\n<p class=\"has-text-align-center\"><strong>Set: <\/strong>El Arquetipo del Adversario, el Dios de la Tormenta y el Cambio, el principio de la transformaci\u00f3n din\u00e1mica.<\/p>\n\n\n\n<p class=\"has-text-align-center\">***<\/p>\n\n\n\n<h2 class=\"wp-block-heading has-text-align-center\"><strong>Afiliaci\u00f3n<\/strong><\/h2>\n\n\n\n<p class=\"has-text-align-center\">Para unirte a nosotros, debes enviarnos un correo electr\u00f3nico <mark style=\"background-color:rgba(0, 0, 0, 0)\" class=\"has-inline-color has-foreground-color\">(\u00a1en ingl\u00e9s!)<\/mark> y solicitar los materiales del proyecto Llama Ascendente. El proyecto consiste en 7 trabajos que deben realizarse individualmente durante 7 d\u00edas seguidos, a cualquier hora del d\u00eda o de la noche. Cada trabajo ajusta tu conciencia a la corriente del templo y la prepara para la comuni\u00f3n con Lucifer, que es el iniciador de la Llama Ascendente. Todos ellos est\u00e1n dise\u00f1ados seg\u00fan el mismo patr\u00f3n, excepto el \u00faltimo trabajo, que tienes que dise\u00f1ar t\u00fa mismo. Despu\u00e9s de cada ritual, anota tus experiencias, visiones y todo lo que consideres relevante, y cuando todo el proyecto est\u00e9 terminado, prepara un informe y env\u00edanoslo.<\/p>\n\n\n\n<p class=\"has-text-align-center\">Cuando recibas el proyecto, t\u00f3mate tu tiempo y real\u00edzalo cuando est\u00e9s preparado. No hay un lapso de tiempo requerido para realizar los trabajos y puedes enviar tu informe al cabo de una semana, un mes o incluso un a\u00f1o. Una vez que env\u00edes tu informe, recibir\u00e1s una confirmaci\u00f3n nuestra de que hemos recibido tu informe y que est\u00e1 siendo revisado. Todos los informes son revisados por un equipo de experimentados Iniciados en el templo y puedes estar seguro de que recibir\u00e1s una evaluaci\u00f3n justa de tu trabajo.<\/p>\n\n\n\n<p class=\"has-text-align-center\">Si&nbsp; tu informe es aceptado, te enviaremos un mensaje de bienvenida con informaci\u00f3n sobre c\u00f3mo proceder con la afiliaci\u00f3n. Entonces tendr\u00e1s acceso a la mayor\u00eda de nuestros proyectos internos, a nuestro foro, y se te pedir\u00e1 que comiences un programa de once semanas que conduce a la iniciaci\u00f3n en la Corriente Draconiana.<\/p>\n\n\n\n<p class=\"has-text-align-center\">***<\/p>\n\n\n\n<h2 class=\"wp-block-heading has-text-align-center\">Materiales<\/h2>\n\n\n\n<p class=\"has-text-align-center\">Los materiales que figuran a continuaci\u00f3n han sido traducidos del ingl\u00e9s por nuestros miembros. Recuerde que, para trabajar con nosotros, debe hablar ingl\u00e9s con fluidez suficiente para comunicarse con otros miembros, redactar informes y leer el material interno, que normalmente no se traduce.<\/p>\n\n\n\n<p class=\"has-text-align-center\"><strong><a href=\"http:\/\/ascendingflame.com\/wp-content\/uploads\/2023\/12\/Los-Cuatro-Angeles-de-la-Prostitucion.pdf\" target=\"_blank\" rel=\"noreferrer noopener\">Los Cuatro \u00c1ngeles de la Prostituci\u00f3n<\/a><\/strong><\/p>\n\n\n\n<p class=\"has-text-align-center\"><strong><a href=\"http:\/\/ascendingflame.com\/wp-content\/uploads\/2023\/12\/Lilith-y-Samael.pdf\" target=\"_blank\" rel=\"noreferrer noopener\">Lilith &amp; Samael<\/a><\/strong><\/p>\n\n\n\n<p class=\"has-text-align-center\"><a href=\"http:\/\/ascendingflame.com\/wp-content\/uploads\/2023\/12\/La-Estrella-Flamante-de-Set.pdf\" target=\"_blank\" rel=\"noreferrer noopener\"><strong>La Estrella Flamante de Set<\/strong><\/a><\/p>\n\n\n\n<p class=\"has-text-align-center\"><strong><a href=\"http:\/\/ascendingflame.com\/wp-content\/uploads\/2023\/12\/Diosa-Arana-del-Qliphoth.pdf\" target=\"_blank\" rel=\"noreferrer noopener\">Diosa Ara\u00f1a del Qliphoth<\/a><\/strong><\/p>\n\n\n\n<p class=\"has-text-align-center\"><strong><a href=\"http:\/\/ascendingflame.com\/wp-content\/uploads\/2023\/12\/Tres-Caras-de-Hecate.pdf\" target=\"_blank\" rel=\"noreferrer noopener\">Tres Caras de H\u00e9cate<\/a><\/strong><\/p>\n","protected":false},"excerpt":{"rendered":"<p>El Templo de la Llama Ascendente fue fundado el 21 de diciembre de 2012 como puerta de entrada a la Corriente Draconiana y plataforma para individuos de todo el mundo que quieran compartir ciertos aspectos de su trabajo con otros adeptos del camino y para aquellos que simplemente necesitan orientaci\u00f3n en la magia draconiana de [&hellip;]<\/p>\n","protected":false},"author":1,"featured_media":0,"parent":0,"menu_order":0,"comment_status":"closed","ping_status":"closed","template":"","meta":{"footnotes":""},"class_list":["post-178","page","type-page","status-publish","hentry"],"_links":{"self":[{"href":"http:\/\/ascendingflame.com\/index.php\/wp-json\/wp\/v2\/pages\/178","targetHints":{"allow":["GET"]}}],"collection":[{"href":"http:\/\/ascendingflame.com\/index.php\/wp-json\/wp\/v2\/pages"}],"about":[{"href":"http:\/\/ascendingflame.com\/index.php\/wp-json\/wp\/v2\/types\/page"}],"author":[{"embeddable":true,"href":"http:\/\/ascendingflame.com\/index.php\/wp-json\/wp\/v2\/users\/1"}],"replies":[{"embeddable":true,"href":"http:\/\/ascendingflame.com\/index.php\/wp-json\/wp\/v2\/comments?post=178"}],"version-history":[{"count":4,"href":"http:\/\/ascendingflame.com\/index.php\/wp-json\/wp\/v2\/pages\/178\/revisions"}],"predecessor-version":[{"id":195,"href":"http:\/\/ascendingflame.com\/index.php\/wp-json\/wp\/v2\/pages\/178\/revisions\/195"}],"wp:attachment":[{"href":"http:\/\/ascendingflame.com\/index.php\/wp-json\/wp\/v2\/media?parent=178"}],"curies":[{"name":"wp","href":"https:\/\/api.w.org\/{rel}","templated":true}]}}